{"id":321,"date":"2023-08-01T14:41:33","date_gmt":"2023-08-01T12:41:33","guid":{"rendered":"https:\/\/ensuenos.org\/?page_id=321"},"modified":"2023-10-23T18:51:37","modified_gmt":"2023-10-23T16:51:37","slug":"les-enseignements","status":"publish","type":"page","link":"https:\/\/ensuenos.org\/en\/les-enseignements\/","title":{"rendered":"The lessons"},"content":{"rendered":"<style>.kb-row-layout-id321_d9f899-d6 > .kt-row-column-wrap{align-content:start;}:where(.kb-row-layout-id321_d9f899-d6 > .kt-row-column-wrap) > .wp-block-kadence-column{justify-content:start;}.kb-row-layout-id321_d9f899-d6 > .kt-row-column-wrap{column-gap:var(--global-kb-gap-md, 2rem);row-gap:var(--global-kb-gap-md, 2rem);max-width:var( --global-content-width, 900px );padding-left:var(--global-content-edge-padding);padding-right:var(--global-content-edge-padding);padding-bottom:var(--global-kb-spacing-sm, 1.5rem);grid-template-columns:minmax(0, 1fr);}.kb-row-layout-id321_d9f899-d6 > .kt-row-layout-overlay{opacity:0.30;}@media all and (max-width: 1024px){.kb-row-layout-id321_d9f899-d6 > .kt-row-column-wrap{grid-template-columns:minmax(0, 1fr);}}@media all and (max-width: 767px){.kb-row-layout-id321_d9f899-d6 > .kt-row-column-wrap{grid-template-columns:minmax(0, 1fr);}}<\/style><div class=\"kb-row-layout-wrap kb-row-layout-id321_d9f899-d6 alignnone wp-block-kadence-rowlayout\"><div class=\"kt-row-column-wrap kt-has-1-columns kt-row-layout-equal kt-tab-layout-inherit kt-mobile-layout-row kt-row-valign-top kb-theme-content-width\">\n<style>.kadence-column321_8c6f37-34 > .kt-inside-inner-col,.kadence-column321_8c6f37-34 > .kt-inside-inner-col:before{border-top-left-radius:0px;border-top-right-radius:0px;border-bottom-right-radius:0px;border-bottom-left-radius:0px;}.kadence-column321_8c6f37-34 > .kt-inside-inner-col:before{opacity:0.3;}.kadence-column321_8c6f37-34{position:relative;}<\/style>\n<div class=\"wp-block-kadence-column kadence-column321_8c6f37-34\"><div class=\"kt-inside-inner-col\"><style>.wp-block-kadence-advancedheading.kt-adv-heading321_5e8583-28, .wp-block-kadence-advancedheading.kt-adv-heading321_5e8583-28[data-kb-block=\"kb-adv-heading321_5e8583-28\"]{text-align:left;font-size:22px;font-style:normal;text-transform:none;}.wp-block-kadence-advancedheading.kt-adv-heading321_5e8583-28 mark, .wp-block-kadence-advancedheading.kt-adv-heading321_5e8583-28[data-kb-block=\"kb-adv-heading321_5e8583-28\"] mark{font-style:normal;color:#f054b0;padding-top:0px;padding-right:0px;padding-bottom:0px;padding-left:0px;}@media all and (max-width: 767px){.wp-block-kadence-advancedheading.kt-adv-heading321_5e8583-28, .wp-block-kadence-advancedheading.kt-adv-heading321_5e8583-28[data-kb-block=\"kb-adv-heading321_5e8583-28\"]{font-size:18px;}}<\/style>\n<p class=\"kt-adv-heading321_5e8583-28 wp-block-kadence-advancedheading\" data-kb-block=\"kb-adv-heading321_5e8583-28\">Community values are fundamental to the Western world. They challenge our visions, our references and our education. They teach us to connect with our emotions and value the transmission of ancestral knowledge. Entering into a dialogue with Nature means learning to listen to it, observe it and talk to it. It means understanding from the inside this intimate relationship with the earth, animals, birds and insects. <\/p>\n<\/div><\/div>\n\n<\/div><\/div>\n\n<style>.kb-row-layout-id321_d1978f-6b > .kt-row-column-wrap{align-content:start;}:where(.kb-row-layout-id321_d1978f-6b > .kt-row-column-wrap) > .wp-block-kadence-column{justify-content:start;}.kb-row-layout-id321_d1978f-6b > .kt-row-column-wrap{column-gap:var(--global-kb-gap-md, 2rem);row-gap:var(--global-kb-gap-md, 2rem);max-width:var( --global-content-width, 900px );padding-left:var(--global-content-edge-padding);padding-right:var(--global-content-edge-padding);padding-top:var(--global-kb-spacing-sm, 1.5rem);padding-bottom:var(--global-kb-spacing-sm, 1.5rem);grid-template-columns:repeat(2, minmax(0, 1fr));}.kb-row-layout-id321_d1978f-6b > .kt-row-layout-overlay{opacity:0.30;}@media all and (max-width: 1024px){.kb-row-layout-id321_d1978f-6b > .kt-row-column-wrap{grid-template-columns:repeat(2, minmax(0, 1fr));}}@media all and (max-width: 767px){.kb-row-layout-id321_d1978f-6b > .kt-row-column-wrap{grid-template-columns:minmax(0, 1fr);}}<\/style><div class=\"kb-row-layout-wrap kb-row-layout-id321_d1978f-6b alignnone wp-block-kadence-rowlayout\"><div class=\"kt-row-column-wrap kt-has-2-columns kt-row-layout-equal kt-tab-layout-inherit kt-mobile-layout-row kt-row-valign-top kb-theme-content-width\">\n<style>.kadence-column321_d2d7f0-cd > .kt-inside-inner-col,.kadence-column321_d2d7f0-cd > .kt-inside-inner-col:before{border-top-left-radius:0px;border-top-right-radius:0px;border-bottom-right-radius:0px;border-bottom-left-radius:0px;}.kadence-column321_d2d7f0-cd > .kt-inside-inner-col:before{opacity:0.3;}.kadence-column321_d2d7f0-cd{position:relative;}<\/style>\n<div class=\"wp-block-kadence-column kadence-column321_d2d7f0-cd\"><div class=\"kt-inside-inner-col\"><style>.kt-info-box321_71510d-69 .kt-blocks-info-box-link-wrap{border-top:1px solid var(--global-palette7, #eeeeee);border-right:1px solid var(--global-palette7, #eeeeee);border-bottom:1px solid var(--global-palette7, #eeeeee);border-left:1px solid var(--global-palette7, #eeeeee);border-top-left-radius:10px;border-top-right-radius:10px;border-bottom-right-radius:10px;border-bottom-left-radius:10px;background:#ffffff;padding-top:var(--global-kb-spacing-xs, 1rem);padding-right:var(--global-kb-spacing-xs, 1rem);padding-bottom:var(--global-kb-spacing-xs, 1rem);padding-left:var(--global-kb-spacing-xs, 1rem);}.kt-info-box321_71510d-69 .kadence-info-box-image-inner-intrisic-container{max-width:600px;}.kt-info-box321_71510d-69 .kadence-info-box-image-inner-intrisic-container .kadence-info-box-image-intrisic{padding-bottom:75%;width:1920px;height:0px;max-width:100%;}.kt-info-box321_71510d-69 .kt-info-svg-icon, .kt-info-box321_71510d-69 .kt-info-svg-icon-flip, .kt-info-box321_71510d-69 .kt-blocks-info-box-number{font-size:50px;}.kt-info-box321_71510d-69 .kt-blocks-info-box-media{background:transparent;border-radius:10px;border-top-width:0px;border-right-width:0px;border-bottom-width:0px;border-left-width:0px;}.kt-info-box321_71510d-69 .kt-blocks-info-box-media-container{margin-top:0px;margin-right:15px;margin-bottom:10px;margin-left:15px;}.kt-info-box321_71510d-69 .kt-blocks-info-box-media .kadence-info-box-image-intrisic img{border-radius:10px;}.kt-info-box321_71510d-69 h2.kt-blocks-info-box-title{line-height:18px;padding-top:10px;padding-right:10px;padding-bottom:10px;padding-left:10px;margin-top:5px;margin-right:0px;margin-bottom:10px;margin-left:0px;}.kt-info-box321_71510d-69 .kt-blocks-info-box-text{padding-top:10px;padding-right:10px;padding-bottom:10px;padding-left:10px;}.kt-info-box321_71510d-69 .kt-blocks-info-box-learnmore{color:var(--global-palette9, #ffffff);background:#f054b0;border-color:var(--global-palette3, #1A202C);border-radius:5px;font-size:20px;border-width:1px 1px 1px 1px;padding-top:4px;padding-right:8px;padding-bottom:4px;padding-left:8px;margin:10px 0px 10px 10px;}.kt-info-box321_71510d-69 .kt-blocks-info-box-link-wrap{box-shadow:3px 3px 12px 12px rgba(0, 0, 0, 0.11);}.kt-info-box321_71510d-69 .kt-blocks-info-box-link-wrap:hover{box-shadow:3px 3px 3px 12px rgba(17, 29, 19, 0.01);}@media all and (max-width: 1024px){.kt-info-box321_71510d-69 .kt-blocks-info-box-link-wrap{border-top:1px solid var(--global-palette7, #eeeeee);border-right:1px solid var(--global-palette7, #eeeeee);border-bottom:1px solid var(--global-palette7, #eeeeee);border-left:1px solid var(--global-palette7, #eeeeee);}}@media all and (max-width: 767px){.kt-info-box321_71510d-69 .kt-blocks-info-box-link-wrap{border-top:1px solid var(--global-palette7, #eeeeee);border-right:1px solid var(--global-palette7, #eeeeee);border-bottom:1px solid var(--global-palette7, #eeeeee);border-left:1px solid var(--global-palette7, #eeeeee);padding-right:0px;padding-left:0px;}}<\/style>\n<div class=\"wp-block-kadence-infobox kt-info-box321_71510d-69\"><a class=\"kt-blocks-info-box-link-wrap info-box-link kt-blocks-info-box-media-align-top kt-info-halign-left\" href=\"https:\/\/ensuenos.org\/en\/etre-dans-la-nature\/\"><div class=\"kt-blocks-info-box-media-container\"><div class=\"kt-blocks-info-box-media kt-info-media-animate-none\"><div class=\"kadence-info-box-image-inner-intrisic-container\"><div class=\"kadence-info-box-image-intrisic kt-info-animate-none kb-info-box-image-ratio kb-info-box-image-ratio-land43\"><div class=\"kadence-info-box-image-inner-intrisic\"><img decoding=\"async\" src=\"https:\/\/ensuenos.org\/wp-content\/uploads\/2023\/08\/Etre-dans-la-Nature.jpg\" alt=\"\" width=\"1920\" height=\"1920\" class=\"kt-info-box-image wp-image-325\" srcset=\"https:\/\/ensuenos.org\/wp-content\/uploads\/2023\/08\/Etre-dans-la-Nature.jpg 1920w, https:\/\/ensuenos.org\/wp-content\/uploads\/2023\/08\/Etre-dans-la-Nature-300x300.jpg 300w, https:\/\/ensuenos.org\/wp-content\/uploads\/2023\/08\/Etre-dans-la-Nature-1024x1024.jpg 1024w, https:\/\/ensuenos.org\/wp-content\/uploads\/2023\/08\/Etre-dans-la-Nature-150x150.jpg 150w, https:\/\/ensuenos.org\/wp-content\/uploads\/2023\/08\/Etre-dans-la-Nature-768x768.jpg 768w, https:\/\/ensuenos.org\/wp-content\/uploads\/2023\/08\/Etre-dans-la-Nature-1536x1536.jpg 1536w, https:\/\/ensuenos.org\/wp-content\/uploads\/2023\/08\/Etre-dans-la-Nature-12x12.jpg 12w\" sizes=\"(max-width: 1920px) 100vw, 1920px\" \/><\/div><\/div><\/div><\/div><\/div><div class=\"kt-infobox-textcontent\"><h2 class=\"kt-blocks-info-box-title\">Being in Nature<\/h2><p class=\"kt-blocks-info-box-text\">Observation &amp; Listening <br\/>Equality &amp; Reciprocity <br\/>Offerings &amp; Ceremonies<\/p><div class=\"kt-blocks-info-box-learnmore-wrap\"><span class=\"kt-blocks-info-box-learnmore\">Discover<\/span><\/div><\/div><\/a><\/div>\n<\/div><\/div>\n\n\n<style>.kadence-column321_f96a93-08 > .kt-inside-inner-col,.kadence-column321_f96a93-08 > .kt-inside-inner-col:before{border-top-left-radius:0px;border-top-right-radius:0px;border-bottom-right-radius:0px;border-bottom-left-radius:0px;}.kadence-column321_f96a93-08 > .kt-inside-inner-col:before{opacity:0.3;}.kadence-column321_f96a93-08{position:relative;}<\/style>\n<div class=\"wp-block-kadence-column kadence-column321_f96a93-08\"><div class=\"kt-inside-inner-col\"><style>.kt-info-box321_cf7b61-56 .kt-blocks-info-box-link-wrap{border-top:1px solid var(--global-palette7, #eeeeee);border-right:1px solid var(--global-palette7, #eeeeee);border-bottom:1px solid var(--global-palette7, #eeeeee);border-left:1px solid var(--global-palette7, #eeeeee);border-top-left-radius:10px;border-top-right-radius:10px;border-bottom-right-radius:10px;border-bottom-left-radius:10px;background:#ffffff;padding-top:var(--global-kb-spacing-xs, 1rem);padding-right:var(--global-kb-spacing-xs, 1rem);padding-bottom:var(--global-kb-spacing-xs, 1rem);padding-left:var(--global-kb-spacing-xs, 1rem);}.kt-info-box321_cf7b61-56 .kadence-info-box-image-inner-intrisic-container{max-width:600px;}.kt-info-box321_cf7b61-56 .kadence-info-box-image-inner-intrisic-container .kadence-info-box-image-intrisic{padding-bottom:75%;width:1920px;height:0px;max-width:100%;}.kt-info-box321_cf7b61-56 .kt-info-svg-icon, .kt-info-box321_cf7b61-56 .kt-info-svg-icon-flip, .kt-info-box321_cf7b61-56 .kt-blocks-info-box-number{font-size:50px;}.kt-info-box321_cf7b61-56 .kt-blocks-info-box-media{background:transparent;border-radius:10px;border-top-width:0px;border-right-width:0px;border-bottom-width:0px;border-left-width:0px;}.kt-info-box321_cf7b61-56 .kt-blocks-info-box-media-container{margin-top:0px;margin-right:15px;margin-bottom:10px;margin-left:15px;}.kt-info-box321_cf7b61-56 .kt-blocks-info-box-media .kadence-info-box-image-intrisic img{border-radius:10px;}.kt-info-box321_cf7b61-56 h2.kt-blocks-info-box-title{line-height:18px;padding-top:10px;padding-right:10px;padding-bottom:10px;padding-left:10px;margin-top:5px;margin-right:0px;margin-bottom:10px;margin-left:0px;}.kt-info-box321_cf7b61-56 .kt-blocks-info-box-text{padding-top:10px;padding-right:10px;padding-bottom:10px;padding-left:10px;}.kt-info-box321_cf7b61-56 .kt-blocks-info-box-learnmore{color:var(--global-palette9, #ffffff);background:#f054b0;border-color:var(--global-palette3, #1A202C);border-radius:5px;font-size:20px;border-width:1px 1px 1px 1px;padding-top:4px;padding-right:8px;padding-bottom:4px;padding-left:8px;margin:10px 0px 10px 10px;}.kt-info-box321_cf7b61-56 .kt-blocks-info-box-link-wrap{box-shadow:3px 3px 12px 12px rgba(0, 0, 0, 0.11);}.kt-info-box321_cf7b61-56 .kt-blocks-info-box-link-wrap:hover{box-shadow:3px 3px 3px 12px rgba(17, 29, 19, 0.01);}@media all and (max-width: 1024px){.kt-info-box321_cf7b61-56 .kt-blocks-info-box-link-wrap{border-top:1px solid var(--global-palette7, #eeeeee);border-right:1px solid var(--global-palette7, #eeeeee);border-bottom:1px solid var(--global-palette7, #eeeeee);border-left:1px solid var(--global-palette7, #eeeeee);}}@media all and (max-width: 767px){.kt-info-box321_cf7b61-56 .kt-blocks-info-box-link-wrap{border-top:1px solid var(--global-palette7, #eeeeee);border-right:1px solid var(--global-palette7, #eeeeee);border-bottom:1px solid var(--global-palette7, #eeeeee);border-left:1px solid var(--global-palette7, #eeeeee);padding-right:0px;padding-left:0px;}}<\/style>\n<div class=\"wp-block-kadence-infobox kt-info-box321_cf7b61-56\"><a class=\"kt-blocks-info-box-link-wrap info-box-link kt-blocks-info-box-media-align-top kt-info-halign-left\" href=\"https:\/\/ensuenos.org\/en\/art-ancestral\/\"><div class=\"kt-blocks-info-box-media-container\"><div class=\"kt-blocks-info-box-media kt-info-media-animate-none\"><div class=\"kadence-info-box-image-inner-intrisic-container\"><div class=\"kadence-info-box-image-intrisic kt-info-animate-none kb-info-box-image-ratio kb-info-box-image-ratio-land43\"><div class=\"kadence-info-box-image-inner-intrisic\"><img decoding=\"async\" src=\"https:\/\/ensuenos.org\/wp-content\/uploads\/2023\/08\/Art-ancestral.jpeg\" alt=\"\" width=\"1920\" height=\"1920\" class=\"kt-info-box-image wp-image-330\"\/><\/div><\/div><\/div><\/div><\/div><div class=\"kt-infobox-textcontent\"><h2 class=\"kt-blocks-info-box-title\">Ancestral art<\/h2><p class=\"kt-blocks-info-box-text\">Weaving &amp; Dyeing <br\/>Songs &amp; Instruments <br\/>Ceramics &amp; Basketry<\/p><div class=\"kt-blocks-info-box-learnmore-wrap\"><span class=\"kt-blocks-info-box-learnmore\">Discover<\/span><\/div><\/div><\/a><\/div>\n<\/div><\/div>\n\n<\/div><\/div>\n\n<style>.kb-row-layout-id321_a6b4ee-6f > .kt-row-column-wrap{align-content:start;}:where(.kb-row-layout-id321_a6b4ee-6f > .kt-row-column-wrap) > .wp-block-kadence-column{justify-content:start;}.kb-row-layout-id321_a6b4ee-6f > .kt-row-column-wrap{column-gap:var(--global-kb-gap-md, 2rem);row-gap:var(--global-kb-gap-md, 2rem);max-width:var( --global-content-width, 900px );padding-left:var(--global-content-edge-padding);padding-right:var(--global-content-edge-padding);padding-top:var(--global-kb-spacing-sm, 1.5rem);padding-bottom:var(--global-kb-spacing-sm, 1.5rem);grid-template-columns:repeat(2, minmax(0, 1fr));}.kb-row-layout-id321_a6b4ee-6f > .kt-row-layout-overlay{opacity:0.30;}@media all and (max-width: 1024px){.kb-row-layout-id321_a6b4ee-6f > .kt-row-column-wrap{grid-template-columns:repeat(2, minmax(0, 1fr));}}@media all and (max-width: 767px){.kb-row-layout-id321_a6b4ee-6f > .kt-row-column-wrap{grid-template-columns:minmax(0, 1fr);}}<\/style><div class=\"kb-row-layout-wrap kb-row-layout-id321_a6b4ee-6f alignnone wp-block-kadence-rowlayout\"><div class=\"kt-row-column-wrap kt-has-2-columns kt-row-layout-equal kt-tab-layout-inherit kt-mobile-layout-row kt-row-valign-top kb-theme-content-width\">\n<style>.kadence-column321_c90c6d-bc > .kt-inside-inner-col,.kadence-column321_c90c6d-bc > .kt-inside-inner-col:before{border-top-left-radius:0px;border-top-right-radius:0px;border-bottom-right-radius:0px;border-bottom-left-radius:0px;}.kadence-column321_c90c6d-bc > .kt-inside-inner-col:before{opacity:0.3;}.kadence-column321_c90c6d-bc{position:relative;}<\/style>\n<div class=\"wp-block-kadence-column kadence-column321_c90c6d-bc\"><div class=\"kt-inside-inner-col\"><style>.kt-info-box321_d6054c-d9 .kt-blocks-info-box-link-wrap{border-top:1px solid var(--global-palette7, #eeeeee);border-right:1px solid var(--global-palette7, #eeeeee);border-bottom:1px solid var(--global-palette7, #eeeeee);border-left:1px solid var(--global-palette7, #eeeeee);border-top-left-radius:10px;border-top-right-radius:10px;border-bottom-right-radius:10px;border-bottom-left-radius:10px;background:#ffffff;padding-top:var(--global-kb-spacing-xs, 1rem);padding-right:var(--global-kb-spacing-xs, 1rem);padding-bottom:var(--global-kb-spacing-xs, 1rem);padding-left:var(--global-kb-spacing-xs, 1rem);}.kt-info-box321_d6054c-d9 .kadence-info-box-image-inner-intrisic-container{max-width:600px;}.kt-info-box321_d6054c-d9 .kadence-info-box-image-inner-intrisic-container .kadence-info-box-image-intrisic{padding-bottom:75%;width:1440px;height:0px;max-width:100%;}.kt-info-box321_d6054c-d9 .kt-info-svg-icon, .kt-info-box321_d6054c-d9 .kt-info-svg-icon-flip, .kt-info-box321_d6054c-d9 .kt-blocks-info-box-number{font-size:50px;}.kt-info-box321_d6054c-d9 .kt-blocks-info-box-media{background:transparent;border-radius:10px;border-top-width:0px;border-right-width:0px;border-bottom-width:0px;border-left-width:0px;}.kt-info-box321_d6054c-d9 .kt-blocks-info-box-media-container{margin-top:0px;margin-right:15px;margin-bottom:10px;margin-left:15px;}.kt-info-box321_d6054c-d9 .kt-blocks-info-box-media .kadence-info-box-image-intrisic img{border-radius:10px;}.kt-info-box321_d6054c-d9 h2.kt-blocks-info-box-title{line-height:24px;padding-top:10px;padding-right:10px;padding-bottom:10px;padding-left:10px;margin-top:5px;margin-right:0px;margin-bottom:10px;margin-left:0px;}.kt-info-box321_d6054c-d9 .kt-blocks-info-box-text{padding-top:10px;padding-right:10px;padding-bottom:10px;padding-left:10px;}.kt-info-box321_d6054c-d9 .kt-blocks-info-box-learnmore{color:var(--global-palette9, #ffffff);background:#f054b0;border-color:var(--global-palette3, #1A202C);border-radius:5px;font-size:20px;border-width:1px 1px 1px 1px;padding-top:4px;padding-right:8px;padding-bottom:4px;padding-left:8px;margin:10px 0px 10px 10px;}.kt-info-box321_d6054c-d9 .kt-blocks-info-box-link-wrap{box-shadow:3px 3px 12px 12px rgba(0, 0, 0, 0.11);}.kt-info-box321_d6054c-d9 .kt-blocks-info-box-link-wrap:hover{box-shadow:3px 3px 3px 12px rgba(17, 29, 19, 0.01);}@media all and (max-width: 1024px){.kt-info-box321_d6054c-d9 .kt-blocks-info-box-link-wrap{border-top:1px solid var(--global-palette7, #eeeeee);border-right:1px solid var(--global-palette7, #eeeeee);border-bottom:1px solid var(--global-palette7, #eeeeee);border-left:1px solid var(--global-palette7, #eeeeee);}}@media all and (max-width: 767px){.kt-info-box321_d6054c-d9 .kt-blocks-info-box-link-wrap{border-top:1px solid var(--global-palette7, #eeeeee);border-right:1px solid var(--global-palette7, #eeeeee);border-bottom:1px solid var(--global-palette7, #eeeeee);border-left:1px solid var(--global-palette7, #eeeeee);padding-right:0px;padding-left:0px;}}<\/style>\n<div class=\"wp-block-kadence-infobox kt-info-box321_d6054c-d9\"><a class=\"kt-blocks-info-box-link-wrap info-box-link kt-blocks-info-box-media-align-top kt-info-halign-left\" href=\"https:\/\/ensuenos.org\/en\/transmission-des-savoirs\/\"><div class=\"kt-blocks-info-box-media-container\"><div class=\"kt-blocks-info-box-media kt-info-media-animate-none\"><div class=\"kadence-info-box-image-inner-intrisic-container\"><div class=\"kadence-info-box-image-intrisic kt-info-animate-none kb-info-box-image-ratio kb-info-box-image-ratio-land43\"><div class=\"kadence-info-box-image-inner-intrisic\"><img decoding=\"async\" src=\"https:\/\/ensuenos.org\/wp-content\/uploads\/2023\/09\/Transmission-eau.jpg\" alt=\"\" width=\"1440\" height=\"1920\" class=\"kt-info-box-image wp-image-666\" srcset=\"https:\/\/ensuenos.org\/wp-content\/uploads\/2023\/09\/Transmission-eau.jpg 1440w, https:\/\/ensuenos.org\/wp-content\/uploads\/2023\/09\/Transmission-eau-225x300.jpg 225w, https:\/\/ensuenos.org\/wp-content\/uploads\/2023\/09\/Transmission-eau-768x1024.jpg 768w, https:\/\/ensuenos.org\/wp-content\/uploads\/2023\/09\/Transmission-eau-1152x1536.jpg 1152w, https:\/\/ensuenos.org\/wp-content\/uploads\/2023\/09\/Transmission-eau-9x12.jpg 9w\" sizes=\"(max-width: 1440px) 100vw, 1440px\" \/><\/div><\/div><\/div><\/div><\/div><div class=\"kt-infobox-textcontent\"><h2 class=\"kt-blocks-info-box-title\">Knowledge transfer<\/h2><p class=\"kt-blocks-info-box-text\">Languages &amp; Orality <br\/>Medicine &amp; Plants <br\/>Cooking &amp; Food<\/p><div class=\"kt-blocks-info-box-learnmore-wrap\"><span class=\"kt-blocks-info-box-learnmore\">Discover<\/span><\/div><\/div><\/a><\/div>\n<\/div><\/div>\n\n\n<style>.kadence-column321_af5d45-5b > .kt-inside-inner-col,.kadence-column321_af5d45-5b > .kt-inside-inner-col:before{border-top-left-radius:0px;border-top-right-radius:0px;border-bottom-right-radius:0px;border-bottom-left-radius:0px;}.kadence-column321_af5d45-5b > .kt-inside-inner-col:before{opacity:0.3;}.kadence-column321_af5d45-5b{position:relative;}<\/style>\n<div class=\"wp-block-kadence-column kadence-column321_af5d45-5b\"><div class=\"kt-inside-inner-col\"><style>.kt-info-box321_767729-40 .kt-blocks-info-box-link-wrap{border-top:1px solid var(--global-palette7, #eeeeee);border-right:1px solid var(--global-palette7, #eeeeee);border-bottom:1px solid var(--global-palette7, #eeeeee);border-left:1px solid var(--global-palette7, #eeeeee);border-top-left-radius:10px;border-top-right-radius:10px;border-bottom-right-radius:10px;border-bottom-left-radius:10px;background:#ffffff;padding-top:var(--global-kb-spacing-xs, 1rem);padding-right:var(--global-kb-spacing-xs, 1rem);padding-bottom:var(--global-kb-spacing-xs, 1rem);padding-left:var(--global-kb-spacing-xs, 1rem);}.kt-info-box321_767729-40 .kadence-info-box-image-inner-intrisic-container{max-width:600px;}.kt-info-box321_767729-40 .kadence-info-box-image-inner-intrisic-container .kadence-info-box-image-intrisic{padding-bottom:75%;width:1920px;height:0px;max-width:100%;}.kt-info-box321_767729-40 .kt-info-svg-icon, .kt-info-box321_767729-40 .kt-info-svg-icon-flip, .kt-info-box321_767729-40 .kt-blocks-info-box-number{font-size:50px;}.kt-info-box321_767729-40 .kt-blocks-info-box-media{background:transparent;border-radius:10px;border-top-width:0px;border-right-width:0px;border-bottom-width:0px;border-left-width:0px;}.kt-info-box321_767729-40 .kt-blocks-info-box-media-container{margin-top:0px;margin-right:15px;margin-bottom:10px;margin-left:15px;}.kt-info-box321_767729-40 .kt-blocks-info-box-media .kadence-info-box-image-intrisic img{border-radius:10px;}.kt-info-box321_767729-40 h2.kt-blocks-info-box-title{line-height:18px;padding-top:10px;padding-right:10px;padding-bottom:10px;padding-left:10px;margin-top:5px;margin-right:0px;margin-bottom:10px;margin-left:0px;}.kt-info-box321_767729-40 .kt-blocks-info-box-text{padding-top:10px;padding-right:10px;padding-bottom:10px;padding-left:10px;}.kt-info-box321_767729-40 .kt-blocks-info-box-learnmore{color:var(--global-palette9, #ffffff);background:#f054b0;border-color:var(--global-palette3, #1A202C);border-radius:5px;font-size:20px;border-width:1px 1px 1px 1px;padding-top:4px;padding-right:8px;padding-bottom:4px;padding-left:8px;margin:10px 0px 10px 10px;}.kt-info-box321_767729-40 .kt-blocks-info-box-link-wrap{box-shadow:3px 3px 12px 12px rgba(0, 0, 0, 0.11);}.kt-info-box321_767729-40 .kt-blocks-info-box-link-wrap:hover{box-shadow:3px 3px 3px 12px rgba(17, 29, 19, 0.01);}@media all and (max-width: 1024px){.kt-info-box321_767729-40 .kt-blocks-info-box-link-wrap{border-top:1px solid var(--global-palette7, #eeeeee);border-right:1px solid var(--global-palette7, #eeeeee);border-bottom:1px solid var(--global-palette7, #eeeeee);border-left:1px solid var(--global-palette7, #eeeeee);}}@media all and (max-width: 767px){.kt-info-box321_767729-40 .kt-blocks-info-box-link-wrap{border-top:1px solid var(--global-palette7, #eeeeee);border-right:1px solid var(--global-palette7, #eeeeee);border-bottom:1px solid var(--global-palette7, #eeeeee);border-left:1px solid var(--global-palette7, #eeeeee);padding-right:0px;padding-left:0px;}}<\/style>\n<div class=\"wp-block-kadence-infobox kt-info-box321_767729-40\"><a class=\"kt-blocks-info-box-link-wrap info-box-link kt-blocks-info-box-media-align-top kt-info-halign-left\" href=\"https:\/\/ensuenos.org\/en\/espace-et-temps\/\"><div class=\"kt-blocks-info-box-media-container\"><div class=\"kt-blocks-info-box-media kt-info-media-animate-none\"><div class=\"kadence-info-box-image-inner-intrisic-container\"><div class=\"kadence-info-box-image-intrisic kt-info-animate-none kb-info-box-image-ratio kb-info-box-image-ratio-land43\"><div class=\"kadence-info-box-image-inner-intrisic\"><img decoding=\"async\" src=\"https:\/\/ensuenos.org\/wp-content\/uploads\/2023\/08\/Espace-Temps.jpeg\" alt=\"\" width=\"1920\" height=\"1920\" class=\"kt-info-box-image wp-image-335\"\/><\/div><\/div><\/div><\/div><\/div><div class=\"kt-infobox-textcontent\"><h2 class=\"kt-blocks-info-box-title\">Space &amp; Time<\/h2><p class=\"kt-blocks-info-box-text\">Relationship with the region <br\/>Cosmovision <br\/>Animals<\/p><div class=\"kt-blocks-info-box-learnmore-wrap\"><span class=\"kt-blocks-info-box-learnmore\">Discover<\/span><\/div><\/div><\/a><\/div>\n<\/div><\/div>\n\n<\/div><\/div>","protected":false},"excerpt":{"rendered":"<p>Les valeurs des communaut\u00e9s sont fondamentales \u00e0 transmettre au monde occidental. Elles questionnent nos visions, nos r\u00e9f\u00e9rences, et notre \u00e9ducation. Elles nous apprennent \u00e0 nous relier \u00e0 nos \u00e9motions et valorisent la transmission des savoirs des anc\u00eatres. Entrer en dialogue avec la Nature, c&rsquo;est apprendre \u00e0 l&rsquo;\u00e9couter, \u00e0 l&rsquo;observer, \u00e0 lui parler. C&rsquo;est comprendre de&#8230;<\/p>","protected":false},"author":1,"featured_media":0,"parent":0,"menu_order":0,"comment_status":"closed","ping_status":"closed","template":"","meta":{"_seopress_robots_primary_cat":"","_kad_blocks_custom_css":"","_kad_blocks_head_custom_js":"","_kad_blocks_body_custom_js":"","_kad_blocks_footer_custom_js":"","_kad_post_transparent":"","_kad_post_title":"","_kad_post_layout":"","_kad_post_sidebar_id":"","_kad_post_content_style":"","_kad_post_vertical_padding":"","_kad_post_feature":"","_kad_post_feature_position":"","_kad_post_header":false,"_kad_post_footer":false,"footnotes":""},"class_list":["post-321","page","type-page","status-publish","hentry"],"taxonomy_info":[],"featured_image_src_large":false,"author_info":{"display_name":"Severine","author_link":"https:\/\/ensuenos.org\/en\/author\/severine\/"},"comment_info":0,"_links":{"self":[{"href":"https:\/\/ensuenos.org\/en\/wp-json\/wp\/v2\/pages\/321","targetHints":{"allow":["GET"]}}],"collection":[{"href":"https:\/\/ensuenos.org\/en\/wp-json\/wp\/v2\/pages"}],"about":[{"href":"https:\/\/ensuenos.org\/en\/wp-json\/wp\/v2\/types\/page"}],"author":[{"embeddable":true,"href":"https:\/\/ensuenos.org\/en\/wp-json\/wp\/v2\/users\/1"}],"replies":[{"embeddable":true,"href":"https:\/\/ensuenos.org\/en\/wp-json\/wp\/v2\/comments?post=321"}],"version-history":[{"count":36,"href":"https:\/\/ensuenos.org\/en\/wp-json\/wp\/v2\/pages\/321\/revisions"}],"predecessor-version":[{"id":1512,"href":"https:\/\/ensuenos.org\/en\/wp-json\/wp\/v2\/pages\/321\/revisions\/1512"}],"wp:attachment":[{"href":"https:\/\/ensuenos.org\/en\/wp-json\/wp\/v2\/media?parent=321"}],"curies":[{"name":"wp","href":"https:\/\/api.w.org\/{rel}","templated":true}]}}