{"id":1019,"date":"2023-09-14T17:40:45","date_gmt":"2023-09-14T15:40:45","guid":{"rendered":"https:\/\/ensuenos.org\/?page_id=1019"},"modified":"2023-10-23T16:06:43","modified_gmt":"2023-10-23T14:06:43","slug":"jujuy","status":"publish","type":"page","link":"https:\/\/ensuenos.org\/es\/jujuy\/","title":{"rendered":"Jujuy"},"content":{"rendered":"<style>.kb-row-layout-wrap.wp-block-kadence-rowlayout.kb-row-layout-id1019_4af972-ab{margin-top:-80px;}.kb-row-layout-id1019_4af972-ab > .kt-row-column-wrap{align-content:start;}:where(.kb-row-layout-id1019_4af972-ab > .kt-row-column-wrap) > .wp-block-kadence-column{justify-content:start;}.kb-row-layout-id1019_4af972-ab > .kt-row-column-wrap{column-gap:var(--global-kb-gap-md, 2rem);row-gap:var(--global-kb-gap-md, 2rem);grid-template-columns:minmax(0, 1fr);}.kb-row-layout-id1019_4af972-ab > .kt-row-layout-overlay{opacity:0.30;}.kb-row-layout-id1019_4af972-ab .kt-row-layout-bottom-sep{height:100px;}.kb-row-layout-id1019_4af972-ab .kt-row-layout-bottom-sep svg{width:100%;}.kb-row-layout-id1019_4af972-ab .kt-row-layout-bottom-sep svg{fill:var(--global-palette3, #1A202C)!important;}@media all and (max-width: 1024px){.kb-row-layout-id1019_4af972-ab > .kt-row-column-wrap{grid-template-columns:minmax(0, 1fr);}}@media all and (max-width: 1024px){.kb-row-layout-id1019_4af972-ab .kt-row-layout-bottom-sep{height:px;}}@media all and (max-width: 1024px){.kb-row-layout-id1019_4af972-ab .kt-row-layout-bottom-sep svg{width:%;}}@media all and (max-width: 767px){.kb-row-layout-id1019_4af972-ab > .kt-row-column-wrap{grid-template-columns:minmax(0, 1fr);}.kb-row-layout-id1019_4af972-ab .kt-row-layout-bottom-sep{height:px;}.kb-row-layout-id1019_4af972-ab .kt-row-layout-bottom-sep svg{width:%;}}<\/style><div class=\"kb-row-layout-wrap kb-row-layout-id1019_4af972-ab alignwide wp-block-kadence-rowlayout\"><div class=\"kt-row-column-wrap kt-has-1-columns kt-row-layout-equal kt-tab-layout-inherit kt-mobile-layout-row kt-row-valign-top\">\n<style>.kadence-column1019_914752-06, .kt-inside-inner-col > .kadence-column1019_914752-06:not(.specificity){margin-top:0px;margin-bottom:0px;}.kadence-column1019_914752-06 > .kt-inside-inner-col,.kadence-column1019_914752-06 > .kt-inside-inner-col:before{border-top-left-radius:0px;border-top-right-radius:0px;border-bottom-right-radius:0px;border-bottom-left-radius:0px;}.kadence-column1019_914752-06 > .kt-inside-inner-col:before{opacity:0.3;}.kadence-column1019_914752-06{position:relative;}<\/style>\n<div class=\"wp-block-kadence-column kadence-column1019_914752-06\"><div class=\"kt-inside-inner-col\"><style>.kb-advanced-slider-1019_9b96a2-e2{margin-top:0px;}@media all and (max-width: 767px){.kb-advanced-slider-1019_9b96a2-e2 .kb-advanced-slide-inner-wrap{padding-top:0px;padding-bottom:0px;}}<\/style><div class=\"kb-advanced-slider kb-advanced-slider-1019_9b96a2-e2 wp-block-kadence-slider\"><div class=\"kb-advanced-slider-inner-contain kb-adv-slider-html-version-2\"><div class=\"kb-blocks-advanced-carousel kt-blocks-carousel kt-carousel-container-dotstyle-none\"><div class=\"kb-blocks-advanced-slider-init kb-slider-loading kb-blocks-slider kt-carousel-arrowstyle-none kt-carousel-dotstyle-none kb-slider-size-ratio kb-slider-ratio-12-5 kb-slider-tab-ratio-inherit kb-slider-mobile-ratio-4-3 splide kb-splide\" data-slider-anim-speed=\"400\" data-slider-type=\"slider\" data-slider-scroll=\"1\" data-slider-fade=\"true\" data-slider-arrows=\"false\" data-slider-dots=\"false\" data-slider-hover-pause=\"false\" data-slider-auto=\"false\"  data-dragging=\"true\" data-slider-speed=\"7000\"><div class=\"splide__track\"><div class=\"splide__list\">\n\n<div class=\"wp-block-kadence-slide kb-advanced-slide-item kb-slide-1019_d06a4f-94\"><div class=\"kb-advanced-slide\"><div class=\"kb-advanced-slide-inner-wrap kb-slide-valign-middle\"><div class=\"kb-advanced-slide-overlay\"><\/div><div class=\"kb-advanced-slide-inner\"><style>.wp-block-kadence-advancedheading.kt-adv-heading1019_3f11fc-a8, .wp-block-kadence-advancedheading.kt-adv-heading1019_3f11fc-a8[data-kb-block=\"kb-adv-heading1019_3f11fc-a8\"]{font-size:160px;line-height:160px;font-style:normal;text-shadow:3px 3px 0px rgba(0,0,0,0.44);}.wp-block-kadence-advancedheading.kt-adv-heading1019_3f11fc-a8 mark, .wp-block-kadence-advancedheading.kt-adv-heading1019_3f11fc-a8[data-kb-block=\"kb-adv-heading1019_3f11fc-a8\"] mark{font-style:normal;color:#f76a0c;padding-top:0px;padding-right:0px;padding-bottom:0px;padding-left:0px;}@media all and (max-width: 767px){.wp-block-kadence-advancedheading.kt-adv-heading1019_3f11fc-a8, .wp-block-kadence-advancedheading.kt-adv-heading1019_3f11fc-a8[data-kb-block=\"kb-adv-heading1019_3f11fc-a8\"]{padding-top:20px;padding-right:20px;padding-left:20px;font-size:50px;line-height:50px;}}<\/style>\n<h1 class=\"kt-adv-heading1019_3f11fc-a8 wp-block-kadence-advancedheading has-theme-palette-9-color has-text-color\" data-kb-block=\"kb-adv-heading1019_3f11fc-a8\"><strong>Jujuy<\/strong><\/h1>\n<\/div><\/div><\/div><\/div>\n\n<\/div><\/div><\/div><\/div><\/div><\/div><\/div><\/div>\n\n<\/div><\/div>\n\n<style>.kb-row-layout-id1019_3e4c20-0d > .kt-row-column-wrap{align-content:start;}:where(.kb-row-layout-id1019_3e4c20-0d > .kt-row-column-wrap) > .wp-block-kadence-column{justify-content:start;}.kb-row-layout-id1019_3e4c20-0d > .kt-row-column-wrap{column-gap:var(--global-kb-gap-md, 2rem);row-gap:var(--global-kb-gap-md, 2rem);max-width:1200px;margin-left:auto;margin-right:auto;padding-top:var(--global-kb-spacing-lg, 3rem);padding-bottom:var(--global-kb-spacing-sm, 1.5rem);grid-template-columns:minmax(0, 1fr);}.kb-row-layout-id1019_3e4c20-0d > .kt-row-layout-overlay{opacity:0.30;}@media all and (max-width: 1024px){.kb-row-layout-id1019_3e4c20-0d > .kt-row-column-wrap{grid-template-columns:minmax(0, 1fr);}}@media all and (max-width: 767px){.kb-row-layout-id1019_3e4c20-0d > .kt-row-column-wrap{grid-template-columns:minmax(0, 1fr);}}<\/style><div class=\"kb-row-layout-wrap kb-row-layout-id1019_3e4c20-0d alignnone wp-block-kadence-rowlayout\"><div class=\"kt-row-column-wrap kt-has-1-columns kt-row-layout-equal kt-tab-layout-inherit kt-mobile-layout-row kt-row-valign-top\">\n<style>.kadence-column1019_58314d-d7 > .kt-inside-inner-col,.kadence-column1019_58314d-d7 > .kt-inside-inner-col:before{border-top-left-radius:0px;border-top-right-radius:0px;border-bottom-right-radius:0px;border-bottom-left-radius:0px;}.kadence-column1019_58314d-d7 > .kt-inside-inner-col:before{opacity:0.3;}.kadence-column1019_58314d-d7{position:relative;}<\/style>\n<div class=\"wp-block-kadence-column kadence-column1019_58314d-d7\"><div class=\"kt-inside-inner-col\"><style>.wp-block-kadence-advancedheading.kt-adv-heading1019_9e91b0-16, .wp-block-kadence-advancedheading.kt-adv-heading1019_9e91b0-16[data-kb-block=\"kb-adv-heading1019_9e91b0-16\"]{text-align:center;font-size:30px;line-height:40px;font-style:normal;text-transform:none;}.wp-block-kadence-advancedheading.kt-adv-heading1019_9e91b0-16 mark, .wp-block-kadence-advancedheading.kt-adv-heading1019_9e91b0-16[data-kb-block=\"kb-adv-heading1019_9e91b0-16\"] mark{font-style:normal;color:#f76a0c;padding-top:0px;padding-right:0px;padding-bottom:0px;padding-left:0px;}@media all and (max-width: 767px){.wp-block-kadence-advancedheading.kt-adv-heading1019_9e91b0-16, .wp-block-kadence-advancedheading.kt-adv-heading1019_9e91b0-16[data-kb-block=\"kb-adv-heading1019_9e91b0-16\"]{font-size:28px;line-height:32px;}}<\/style>\n<h2 class=\"kt-adv-heading1019_9e91b0-16 wp-block-kadence-advancedheading\" data-kb-block=\"kb-adv-heading1019_9e91b0-16\">Maimar\u00e1 y Tilcara<\/h2>\n\n\n<style>.wp-block-kadence-advancedheading.kt-adv-heading1019_86518d-6a, .wp-block-kadence-advancedheading.kt-adv-heading1019_86518d-6a[data-kb-block=\"kb-adv-heading1019_86518d-6a\"]{text-align:left;font-size:24px;font-style:normal;text-transform:none;}.wp-block-kadence-advancedheading.kt-adv-heading1019_86518d-6a mark, .wp-block-kadence-advancedheading.kt-adv-heading1019_86518d-6a[data-kb-block=\"kb-adv-heading1019_86518d-6a\"] mark{font-style:normal;color:#f76a0c;padding-top:0px;padding-right:0px;padding-bottom:0px;padding-left:0px;}@media all and (max-width: 767px){.wp-block-kadence-advancedheading.kt-adv-heading1019_86518d-6a, .wp-block-kadence-advancedheading.kt-adv-heading1019_86518d-6a[data-kb-block=\"kb-adv-heading1019_86518d-6a\"]{font-size:18px;}}<\/style>\n<p class=\"kt-adv-heading1019_86518d-6a wp-block-kadence-advancedheading\" data-kb-block=\"kb-adv-heading1019_86518d-6a\">Maimar\u00e1 y Tilcara son dos peque\u00f1os pueblos de la provincia de Jujuy, en el noroeste de Argentina. Enclavados en el valle de Humahuaca, est\u00e1n rodeados de impresionantes formaciones geol\u00f3gicas. La regi\u00f3n es rica en tradiciones, con una fuerte influencia cultural de las comunidades locales kolla, quechua y aymara. El pueblo tambi\u00e9n es famoso por su artesan\u00eda, en particular los tejidos con motivos coloridos. La flora y la fauna son t\u00edpicas de las regiones semi\u00e1ridas, con cactus y \u00e1rboles aut\u00f3ctonos como la que\u00f1ua. La comunidad local mantiene pr\u00e1cticas agr\u00edcolas tradicionales, como el cultivo de ma\u00edz y patatas. El carnaval es una de las fiestas m\u00e1s importantes, en la que se celebra la mezcla de tradiciones. La gastronom\u00eda local, basada en el ma\u00edz, las patatas y la carne de llama, es una piedra angular de la cultura ancestral. Las comunidades gestionan el turismo de forma sostenible para preservar el patrimonio cultural y natural de la regi\u00f3n.<\/p>\n<\/div><\/div>\n\n<\/div><\/div>\n\n<style>.kb-row-layout-id1019_71ee70-c4 > .kt-row-column-wrap{align-content:start;}:where(.kb-row-layout-id1019_71ee70-c4 > .kt-row-column-wrap) > .wp-block-kadence-column{justify-content:start;}.kb-row-layout-id1019_71ee70-c4 > .kt-row-column-wrap{column-gap:var(--global-kb-gap-md, 2rem);row-gap:var(--global-kb-gap-md, 2rem);padding-top:var(--global-kb-spacing-sm, 1.5rem);padding-bottom:var(--global-kb-spacing-sm, 1.5rem);grid-template-columns:minmax(0, 1fr);}.kb-row-layout-id1019_71ee70-c4 > .kt-row-layout-overlay{opacity:0.30;}@media all and (max-width: 1024px){.kb-row-layout-id1019_71ee70-c4 > .kt-row-column-wrap{grid-template-columns:minmax(0, 1fr);}}@media all and (max-width: 767px){.kb-row-layout-id1019_71ee70-c4 > .kt-row-column-wrap{grid-template-columns:minmax(0, 1fr);}}<\/style><div class=\"kb-row-layout-wrap kb-row-layout-id1019_71ee70-c4 alignnone wp-block-kadence-rowlayout\"><div class=\"kt-row-column-wrap kt-has-1-columns kt-row-layout-equal kt-tab-layout-inherit kt-mobile-layout-row kt-row-valign-top\">\n<style>.kadence-column1019_3dbed3-49 > .kt-inside-inner-col,.kadence-column1019_3dbed3-49 > .kt-inside-inner-col:before{border-top-left-radius:0px;border-top-right-radius:0px;border-bottom-right-radius:0px;border-bottom-left-radius:0px;}.kadence-column1019_3dbed3-49 > .kt-inside-inner-col:before{opacity:0.3;}.kadence-column1019_3dbed3-49{position:relative;}<\/style>\n<div class=\"wp-block-kadence-column kadence-column1019_3dbed3-49\"><div class=\"kt-inside-inner-col\"><style>.wp-block-kadence-advancedgallery .kb-gallery-type-grid.kb-gallery-id-1019_2e3e65-2e{margin:-2.5px;}.kb-gallery-type-grid.kb-gallery-id-1019_2e3e65-2e .kadence-blocks-gallery-item{padding:2.5px;}.kb-gallery-id-1019_2e3e65-2e .kadence-blocks-gallery-item .kb-gal-image-radius{border-radius:0px 0px 0px 0px;}<\/style><div class=\"kb-gallery-wrap-id-1019_2e3e65-2e alignnone wp-block-kadence-advancedgallery\"><ul class=\"kb-gallery-ul kb-gallery-non-static kb-gallery-type-grid kb-gallery-id-1019_2e3e65-2e kb-gallery-caption-style-bottom kb-gallery-filter-none kb-gallery-magnific-init\" data-image-filter=\"none\" data-item-selector=\".kadence-blocks-gallery-item\" data-lightbox-caption=\"true\" data-columns-xxl=\"4\" data-columns-xl=\"4\" data-columns-md=\"4\" data-columns-sm=\"3\" data-columns-xs=\"2\" data-columns-ss=\"2\"><li class=\"kadence-blocks-gallery-item\"><div class=\"kadence-blocks-gallery-item-inner\"><figure class=\"kb-gallery-figure kb-gallery-item-has-link kadence-blocks-gallery-item-hide-caption\"><a href=\"https:\/\/ensuenos.org\/wp-content\/uploads\/2023\/09\/Jujuy-Tilcara-Maimaira-5.jpg\" class=\"kb-gallery-item-link\"  ><div class=\"kb-gal-image-radius\" ><div class=\"kb-gallery-image-contain kadence-blocks-gallery-intrinsic kb-gallery-image-ratio-port34 kb-has-image-ratio-port34\" ><img decoding=\"async\" src=\"https:\/\/ensuenos.org\/wp-content\/uploads\/2023\/09\/Jujuy-Tilcara-Maimaira-5.jpg\" width=\"1440\" height=\"1920\" alt=\"\" data-full-image=\"https:\/\/ensuenos.org\/wp-content\/uploads\/2023\/09\/Jujuy-Tilcara-Maimaira-5.jpg\" data-light-image=\"https:\/\/ensuenos.org\/wp-content\/uploads\/2023\/09\/Jujuy-Tilcara-Maimaira-5.jpg\" data-id=\"1025\" class=\"wp-image-1025\" srcset=\"https:\/\/ensuenos.org\/wp-content\/uploads\/2023\/09\/Jujuy-Tilcara-Maimaira-5.jpg 1440w, https:\/\/ensuenos.org\/wp-content\/uploads\/2023\/09\/Jujuy-Tilcara-Maimaira-5-225x300.jpg 225w, https:\/\/ensuenos.org\/wp-content\/uploads\/2023\/09\/Jujuy-Tilcara-Maimaira-5-768x1024.jpg 768w, https:\/\/ensuenos.org\/wp-content\/uploads\/2023\/09\/Jujuy-Tilcara-Maimaira-5-1152x1536.jpg 1152w, https:\/\/ensuenos.org\/wp-content\/uploads\/2023\/09\/Jujuy-Tilcara-Maimaira-5-9x12.jpg 9w\" sizes=\"(max-width: 1440px) 100vw, 1440px\" \/><\/div><\/div><\/a><\/figure><\/div><\/li><li class=\"kadence-blocks-gallery-item\"><div class=\"kadence-blocks-gallery-item-inner\"><figure class=\"kb-gallery-figure kb-gallery-item-has-link kadence-blocks-gallery-item-hide-caption\"><a href=\"https:\/\/ensuenos.org\/wp-content\/uploads\/2023\/09\/Jujuy-Tilcara-Maimaira-4.jpg\" class=\"kb-gallery-item-link\"  ><div class=\"kb-gal-image-radius\" ><div class=\"kb-gallery-image-contain kadence-blocks-gallery-intrinsic kb-gallery-image-ratio-port34 kb-has-image-ratio-port34\" ><img decoding=\"async\" src=\"https:\/\/ensuenos.org\/wp-content\/uploads\/2023\/09\/Jujuy-Tilcara-Maimaira-4.jpg\" width=\"1175\" height=\"1789\" alt=\"\" data-full-image=\"https:\/\/ensuenos.org\/wp-content\/uploads\/2023\/09\/Jujuy-Tilcara-Maimaira-4.jpg\" data-light-image=\"https:\/\/ensuenos.org\/wp-content\/uploads\/2023\/09\/Jujuy-Tilcara-Maimaira-4.jpg\" data-id=\"1024\" class=\"wp-image-1024\" srcset=\"https:\/\/ensuenos.org\/wp-content\/uploads\/2023\/09\/Jujuy-Tilcara-Maimaira-4.jpg 1175w, https:\/\/ensuenos.org\/wp-content\/uploads\/2023\/09\/Jujuy-Tilcara-Maimaira-4-197x300.jpg 197w, https:\/\/ensuenos.org\/wp-content\/uploads\/2023\/09\/Jujuy-Tilcara-Maimaira-4-673x1024.jpg 673w, https:\/\/ensuenos.org\/wp-content\/uploads\/2023\/09\/Jujuy-Tilcara-Maimaira-4-768x1169.jpg 768w, https:\/\/ensuenos.org\/wp-content\/uploads\/2023\/09\/Jujuy-Tilcara-Maimaira-4-1009x1536.jpg 1009w, https:\/\/ensuenos.org\/wp-content\/uploads\/2023\/09\/Jujuy-Tilcara-Maimaira-4-8x12.jpg 8w\" sizes=\"(max-width: 1175px) 100vw, 1175px\" \/><\/div><\/div><\/a><\/figure><\/div><\/li><li class=\"kadence-blocks-gallery-item\"><div class=\"kadence-blocks-gallery-item-inner\"><figure class=\"kb-gallery-figure kb-gallery-item-has-link kadence-blocks-gallery-item-hide-caption\"><a href=\"https:\/\/ensuenos.org\/wp-content\/uploads\/2023\/09\/Jujuy-Tilcara-Maimaira-2.jpg\" class=\"kb-gallery-item-link\"  ><div class=\"kb-gal-image-radius\" ><div class=\"kb-gallery-image-contain kadence-blocks-gallery-intrinsic kb-gallery-image-ratio-port34 kb-has-image-ratio-port34\" ><img decoding=\"async\" src=\"https:\/\/ensuenos.org\/wp-content\/uploads\/2023\/09\/Jujuy-Tilcara-Maimaira-2.jpg\" width=\"1175\" height=\"1789\" alt=\"\" data-full-image=\"https:\/\/ensuenos.org\/wp-content\/uploads\/2023\/09\/Jujuy-Tilcara-Maimaira-2.jpg\" data-light-image=\"https:\/\/ensuenos.org\/wp-content\/uploads\/2023\/09\/Jujuy-Tilcara-Maimaira-2.jpg\" data-id=\"1022\" class=\"wp-image-1022\" srcset=\"https:\/\/ensuenos.org\/wp-content\/uploads\/2023\/09\/Jujuy-Tilcara-Maimaira-2.jpg 1175w, https:\/\/ensuenos.org\/wp-content\/uploads\/2023\/09\/Jujuy-Tilcara-Maimaira-2-197x300.jpg 197w, https:\/\/ensuenos.org\/wp-content\/uploads\/2023\/09\/Jujuy-Tilcara-Maimaira-2-673x1024.jpg 673w, https:\/\/ensuenos.org\/wp-content\/uploads\/2023\/09\/Jujuy-Tilcara-Maimaira-2-768x1169.jpg 768w, https:\/\/ensuenos.org\/wp-content\/uploads\/2023\/09\/Jujuy-Tilcara-Maimaira-2-1009x1536.jpg 1009w, https:\/\/ensuenos.org\/wp-content\/uploads\/2023\/09\/Jujuy-Tilcara-Maimaira-2-8x12.jpg 8w\" sizes=\"(max-width: 1175px) 100vw, 1175px\" \/><\/div><\/div><\/a><\/figure><\/div><\/li><li class=\"kadence-blocks-gallery-item\"><div class=\"kadence-blocks-gallery-item-inner\"><figure class=\"kb-gallery-figure kb-gallery-item-has-link kadence-blocks-gallery-item-hide-caption\"><a href=\"https:\/\/ensuenos.org\/wp-content\/uploads\/2023\/09\/Jujuy-Tilcara-Maimaira-1.jpg\" class=\"kb-gallery-item-link\"  ><div class=\"kb-gal-image-radius\" ><div class=\"kb-gallery-image-contain kadence-blocks-gallery-intrinsic kb-gallery-image-ratio-port34 kb-has-image-ratio-port34\" ><img decoding=\"async\" src=\"https:\/\/ensuenos.org\/wp-content\/uploads\/2023\/09\/Jujuy-Tilcara-Maimaira-1.jpg\" width=\"1175\" height=\"1789\" alt=\"\" data-full-image=\"https:\/\/ensuenos.org\/wp-content\/uploads\/2023\/09\/Jujuy-Tilcara-Maimaira-1.jpg\" data-light-image=\"https:\/\/ensuenos.org\/wp-content\/uploads\/2023\/09\/Jujuy-Tilcara-Maimaira-1.jpg\" data-id=\"1021\" class=\"wp-image-1021\" srcset=\"https:\/\/ensuenos.org\/wp-content\/uploads\/2023\/09\/Jujuy-Tilcara-Maimaira-1.jpg 1175w, https:\/\/ensuenos.org\/wp-content\/uploads\/2023\/09\/Jujuy-Tilcara-Maimaira-1-197x300.jpg 197w, https:\/\/ensuenos.org\/wp-content\/uploads\/2023\/09\/Jujuy-Tilcara-Maimaira-1-673x1024.jpg 673w, https:\/\/ensuenos.org\/wp-content\/uploads\/2023\/09\/Jujuy-Tilcara-Maimaira-1-768x1169.jpg 768w, https:\/\/ensuenos.org\/wp-content\/uploads\/2023\/09\/Jujuy-Tilcara-Maimaira-1-1009x1536.jpg 1009w, https:\/\/ensuenos.org\/wp-content\/uploads\/2023\/09\/Jujuy-Tilcara-Maimaira-1-8x12.jpg 8w\" sizes=\"(max-width: 1175px) 100vw, 1175px\" \/><\/div><\/div><\/a><\/figure><\/div><\/li><\/ul><\/div><\/div><\/div>\n\n<\/div><\/div>\n\n<style>.kb-row-layout-id1019_854298-98 > .kt-row-column-wrap{align-content:start;}:where(.kb-row-layout-id1019_854298-98 > .kt-row-column-wrap) > .wp-block-kadence-column{justify-content:start;}.kb-row-layout-id1019_854298-98 > .kt-row-column-wrap{column-gap:var(--global-kb-gap-md, 2rem);row-gap:var(--global-kb-gap-md, 2rem);padding-top:var(--global-kb-spacing-sm, 1.5rem);padding-bottom:var(--global-kb-spacing-sm, 1.5rem);grid-template-columns:minmax(0, 1fr);}.kb-row-layout-id1019_854298-98 > .kt-row-layout-overlay{opacity:0.30;}@media all and (max-width: 1024px){.kb-row-layout-id1019_854298-98 > .kt-row-column-wrap{grid-template-columns:minmax(0, 1fr);}}@media all and (max-width: 767px){.kb-row-layout-id1019_854298-98 > .kt-row-column-wrap{grid-template-columns:minmax(0, 1fr);}}<\/style><div class=\"kb-row-layout-wrap kb-row-layout-id1019_854298-98 alignnone wp-block-kadence-rowlayout\"><div class=\"kt-row-column-wrap kt-has-1-columns kt-row-layout-equal kt-tab-layout-inherit kt-mobile-layout-row kt-row-valign-top\">\n<style>.kadence-column1019_624a3e-7f > .kt-inside-inner-col,.kadence-column1019_624a3e-7f > .kt-inside-inner-col:before{border-top-left-radius:0px;border-top-right-radius:0px;border-bottom-right-radius:0px;border-bottom-left-radius:0px;}.kadence-column1019_624a3e-7f > .kt-inside-inner-col:before{opacity:0.3;}.kadence-column1019_624a3e-7f{position:relative;}<\/style>\n<div class=\"wp-block-kadence-column kadence-column1019_624a3e-7f\"><div class=\"kt-inside-inner-col\"><style>.wp-block-kadence-advancedbtn.kb-btns1019_af7e23-e3{gap:var(--global-kb-gap-xs, 0.5rem );justify-content:center;align-items:center;}.kt-btns1019_af7e23-e3 .kt-button{font-weight:normal;font-style:normal;}.kt-btns1019_af7e23-e3 .kt-btn-wrap-0{margin-right:5px;}.wp-block-kadence-advancedbtn.kt-btns1019_af7e23-e3 .kt-btn-wrap-0 .kt-button{color:#555555;border-color:#555555;}.wp-block-kadence-advancedbtn.kt-btns1019_af7e23-e3 .kt-btn-wrap-0 .kt-button:hover, .wp-block-kadence-advancedbtn.kt-btns1019_af7e23-e3 .kt-btn-wrap-0 .kt-button:focus{color:#ffffff;border-color:#444444;}.wp-block-kadence-advancedbtn.kt-btns1019_af7e23-e3 .kt-btn-wrap-0 .kt-button::before{display:none;}.wp-block-kadence-advancedbtn.kt-btns1019_af7e23-e3 .kt-btn-wrap-0 .kt-button:hover, .wp-block-kadence-advancedbtn.kt-btns1019_af7e23-e3 .kt-btn-wrap-0 .kt-button:focus{background:#444444;}<\/style>\n<div class=\"wp-block-kadence-advancedbtn kb-buttons-wrap kb-btns1019_af7e23-e3\"><style>ul.menu .wp-block-kadence-advancedbtn .kb-btn1019_31ceeb-b5.kb-button{width:initial;}<\/style><a class=\"kb-button kt-button button kb-btn1019_31ceeb-b5 kt-btn-size-standard kt-btn-width-type-auto kb-btn-global-fill kt-btn-has-text-true kt-btn-has-svg-false wp-block-kadence-singlebtn\" href=\"https:\/\/ensuenos.org\/es\/rio-negro-neuquen\/\"><span class=\"kt-btn-inner-text\">R\u00edo Negro - Neuqu\u00e9n<\/span><\/a>\n\n<style>ul.menu .wp-block-kadence-advancedbtn .kb-btn1019_cc88d7-13.kb-button{width:initial;}<\/style><a class=\"kb-button kt-button button kb-btn1019_cc88d7-13 kt-btn-size-standard kt-btn-width-type-auto kb-btn-global-fill kt-btn-has-text-true kt-btn-has-svg-false wp-block-kadence-singlebtn\" href=\"https:\/\/ensuenos.org\/es\/catamarca-tucuman\/\"><span class=\"kt-btn-inner-text\">Catamarca - Tucum\u00e1n<\/span><\/a>\n\n<style>ul.menu .wp-block-kadence-advancedbtn .kb-btn1019_6b6992-01.kb-button{width:initial;}<\/style><a class=\"kb-button kt-button button kb-btn1019_6b6992-01 kt-btn-size-standard kt-btn-width-type-auto kb-btn-global-fill kt-btn-has-text-true kt-btn-has-svg-false wp-block-kadence-singlebtn\" href=\"https:\/\/ensuenos.org\/es\/terre-de-feu\/\"><span class=\"kt-btn-inner-text\">Tierra de Fuego<\/span><\/a><\/div>\n<\/div><\/div>\n\n<\/div><\/div>","protected":false},"excerpt":{"rendered":"<p>Maimar\u00e1 et Tilcara Maimar\u00e1 et Tilcara sont deux petits villages&nbsp;situ\u00e9s dans la province de Jujuy, dans le nord-ouest de l&rsquo;Argentine. Nich\u00e9s dans la vall\u00e9e de Humahuaca, ils sont&nbsp;entour\u00e9s de formations g\u00e9ologiques impressionnantes. La r\u00e9gion est riche en traditions et pr\u00e9sente une influence culturelle forte des communaut\u00e9s locales Kolla, Quechua, Aymara. Le village est \u00e9galement r\u00e9put\u00e9&#8230;<\/p>","protected":false},"author":1,"featured_media":0,"parent":0,"menu_order":0,"comment_status":"closed","ping_status":"closed","template":"","meta":{"_seopress_robots_primary_cat":"","_kad_blocks_custom_css":"","_kad_blocks_head_custom_js":"","_kad_blocks_body_custom_js":"","_kad_blocks_footer_custom_js":"","_kad_post_transparent":"","_kad_post_title":"","_kad_post_layout":"","_kad_post_sidebar_id":"","_kad_post_content_style":"","_kad_post_vertical_padding":"","_kad_post_feature":"","_kad_post_feature_position":"","_kad_post_header":false,"_kad_post_footer":false,"footnotes":""},"class_list":["post-1019","page","type-page","status-publish","hentry"],"taxonomy_info":[],"featured_image_src_large":false,"author_info":{"display_name":"Severine","author_link":"https:\/\/ensuenos.org\/es\/author\/severine\/"},"comment_info":0,"_links":{"self":[{"href":"https:\/\/ensuenos.org\/es\/wp-json\/wp\/v2\/pages\/1019","targetHints":{"allow":["GET"]}}],"collection":[{"href":"https:\/\/ensuenos.org\/es\/wp-json\/wp\/v2\/pages"}],"about":[{"href":"https:\/\/ensuenos.org\/es\/wp-json\/wp\/v2\/types\/page"}],"author":[{"embeddable":true,"href":"https:\/\/ensuenos.org\/es\/wp-json\/wp\/v2\/users\/1"}],"replies":[{"embeddable":true,"href":"https:\/\/ensuenos.org\/es\/wp-json\/wp\/v2\/comments?post=1019"}],"version-history":[{"count":7,"href":"https:\/\/ensuenos.org\/es\/wp-json\/wp\/v2\/pages\/1019\/revisions"}],"predecessor-version":[{"id":1472,"href":"https:\/\/ensuenos.org\/es\/wp-json\/wp\/v2\/pages\/1019\/revisions\/1472"}],"wp:attachment":[{"href":"https:\/\/ensuenos.org\/es\/wp-json\/wp\/v2\/media?parent=1019"}],"curies":[{"name":"wp","href":"https:\/\/api.w.org\/{rel}","templated":true}]}}