{"id":279,"date":"2023-08-01T11:57:12","date_gmt":"2023-08-01T09:57:12","guid":{"rendered":"https:\/\/ensuenos.org\/?page_id=279"},"modified":"2023-10-23T18:50:58","modified_gmt":"2023-10-23T16:50:58","slug":"les-communautes","status":"publish","type":"page","link":"https:\/\/ensuenos.org\/es\/les-communautes\/","title":{"rendered":"Las Comunidades"},"content":{"rendered":"<style>.kb-row-layout-id279_b80b56-a6 > .kt-row-column-wrap{align-content:start;}:where(.kb-row-layout-id279_b80b56-a6 > .kt-row-column-wrap) > .wp-block-kadence-column{justify-content:start;}.kb-row-layout-id279_b80b56-a6 > .kt-row-column-wrap{column-gap:var(--global-kb-gap-md, 2rem);row-gap:var(--global-kb-gap-md, 2rem);max-width:var( --global-content-width, 900px );padding-left:var(--global-content-edge-padding);padding-right:var(--global-content-edge-padding);padding-bottom:var(--global-kb-spacing-sm, 1.5rem);grid-template-columns:minmax(0, 1fr);}.kb-row-layout-id279_b80b56-a6 > .kt-row-layout-overlay{opacity:0.30;}@media all and (max-width: 1024px){.kb-row-layout-id279_b80b56-a6 > .kt-row-column-wrap{grid-template-columns:minmax(0, 1fr);}}@media all and (max-width: 767px){.kb-row-layout-id279_b80b56-a6 > .kt-row-column-wrap{grid-template-columns:minmax(0, 1fr);}}<\/style><div class=\"kb-row-layout-wrap kb-row-layout-id279_b80b56-a6 alignnone wp-block-kadence-rowlayout\"><div class=\"kt-row-column-wrap kt-has-1-columns kt-row-layout-equal kt-tab-layout-inherit kt-mobile-layout-row kt-row-valign-top kb-theme-content-width\">\n<style>.kadence-column279_9c6f4c-cf > .kt-inside-inner-col,.kadence-column279_9c6f4c-cf > .kt-inside-inner-col:before{border-top-left-radius:0px;border-top-right-radius:0px;border-bottom-right-radius:0px;border-bottom-left-radius:0px;}.kadence-column279_9c6f4c-cf > .kt-inside-inner-col:before{opacity:0.3;}.kadence-column279_9c6f4c-cf{position:relative;}<\/style>\n<div class=\"wp-block-kadence-column kadence-column279_9c6f4c-cf\"><div class=\"kt-inside-inner-col\"><style>.wp-block-kadence-advancedheading.kt-adv-heading279_27d081-cf, .wp-block-kadence-advancedheading.kt-adv-heading279_27d081-cf[data-kb-block=\"kb-adv-heading279_27d081-cf\"]{text-align:left;font-size:22px;font-style:normal;text-transform:none;}.wp-block-kadence-advancedheading.kt-adv-heading279_27d081-cf mark, .wp-block-kadence-advancedheading.kt-adv-heading279_27d081-cf[data-kb-block=\"kb-adv-heading279_27d081-cf\"] mark{font-style:normal;color:#f054b0;padding-top:0px;padding-right:0px;padding-bottom:0px;padding-left:0px;}@media all and (max-width: 767px){.wp-block-kadence-advancedheading.kt-adv-heading279_27d081-cf, .wp-block-kadence-advancedheading.kt-adv-heading279_27d081-cf[data-kb-block=\"kb-adv-heading279_27d081-cf\"]{font-size:18px;}}<\/style>\n<p class=\"kt-adv-heading279_27d081-cf wp-block-kadence-advancedheading\" data-kb-block=\"kb-adv-heading279_27d081-cf\">Argentina es un pa\u00eds de gran diversidad \u00e9tnica y cultural. Muchas comunidades ancestrales siguen viviendo all\u00ed hoy en d\u00eda. Entre ellas <mark style=\"background-color:rgba(0, 0, 0, 0);color:#f054b0\" class=\"has-inline-color\"><strong>Ensue\u00f1os<\/strong><\/mark> re\u00fane a selknams, mapuches, diaguitas y kollas. Sus comunidades, del sur al norte de los Andes, tienen tradiciones culturales ancestrales. Las mujeres que participan en el proyecto han practicado desde la infancia el tejido, el canto, la cocina, la fitoterapia y la cer\u00e1mica. Estas habilidades ancestrales les han sido transmitidas mediante la observaci\u00f3n de los ancianos y la escucha de la Naturaleza.<\/p>\n<\/div><\/div>\n\n<\/div><\/div>\n\n<style>.kb-row-layout-id279_500929-7e > .kt-row-column-wrap{align-content:start;}:where(.kb-row-layout-id279_500929-7e > .kt-row-column-wrap) > .wp-block-kadence-column{justify-content:start;}.kb-row-layout-id279_500929-7e > .kt-row-column-wrap{column-gap:var(--global-kb-gap-md, 2rem);row-gap:var(--global-kb-gap-md, 2rem);max-width:var( --global-content-width, 900px );padding-left:var(--global-content-edge-padding);padding-right:var(--global-content-edge-padding);padding-top:var(--global-kb-spacing-sm, 1.5rem);padding-bottom:var(--global-kb-spacing-sm, 1.5rem);grid-template-columns:repeat(2, minmax(0, 1fr));}.kb-row-layout-id279_500929-7e > .kt-row-layout-overlay{opacity:0.30;}@media all and (max-width: 1024px){.kb-row-layout-id279_500929-7e > .kt-row-column-wrap{grid-template-columns:repeat(2, minmax(0, 1fr));}}@media all and (max-width: 767px){.kb-row-layout-id279_500929-7e > .kt-row-column-wrap{grid-template-columns:minmax(0, 1fr);}}<\/style><div class=\"kb-row-layout-wrap kb-row-layout-id279_500929-7e alignnone wp-block-kadence-rowlayout\"><div class=\"kt-row-column-wrap kt-has-2-columns kt-row-layout-equal kt-tab-layout-inherit kt-mobile-layout-row kt-row-valign-top kb-theme-content-width\">\n<style>.kadence-column279_30123b-6b > .kt-inside-inner-col,.kadence-column279_30123b-6b > .kt-inside-inner-col:before{border-top-left-radius:0px;border-top-right-radius:0px;border-bottom-right-radius:0px;border-bottom-left-radius:0px;}.kadence-column279_30123b-6b > .kt-inside-inner-col:before{opacity:0.3;}.kadence-column279_30123b-6b{position:relative;}<\/style>\n<div class=\"wp-block-kadence-column kadence-column279_30123b-6b\"><div class=\"kt-inside-inner-col\"><style>.kt-info-box279_3e9a83-bb .kt-blocks-info-box-link-wrap{border-top:1px solid var(--global-palette7, #eeeeee);border-right:1px solid var(--global-palette7, #eeeeee);border-bottom:1px solid var(--global-palette7, #eeeeee);border-left:1px solid var(--global-palette7, #eeeeee);border-top-left-radius:10px;border-top-right-radius:10px;border-bottom-right-radius:10px;border-bottom-left-radius:10px;background:#ffffff;padding-top:var(--global-kb-spacing-xs, 1rem);padding-right:var(--global-kb-spacing-xs, 1rem);padding-bottom:var(--global-kb-spacing-xs, 1rem);padding-left:var(--global-kb-spacing-xs, 1rem);}.kt-info-box279_3e9a83-bb .kadence-info-box-image-inner-intrisic-container{max-width:600px;}.kt-info-box279_3e9a83-bb .kadence-info-box-image-inner-intrisic-container .kadence-info-box-image-intrisic{padding-bottom:75%;width:1920px;height:0px;max-width:100%;}.kt-info-box279_3e9a83-bb .kt-info-svg-icon, .kt-info-box279_3e9a83-bb .kt-info-svg-icon-flip, .kt-info-box279_3e9a83-bb .kt-blocks-info-box-number{font-size:50px;}.kt-info-box279_3e9a83-bb .kt-blocks-info-box-media{background:transparent;border-radius:10px;border-top-width:0px;border-right-width:0px;border-bottom-width:0px;border-left-width:0px;}.kt-info-box279_3e9a83-bb .kt-blocks-info-box-media-container{margin-top:0px;margin-right:15px;margin-bottom:10px;margin-left:15px;}.kt-info-box279_3e9a83-bb .kt-blocks-info-box-media .kadence-info-box-image-intrisic img{border-radius:10px;}.kt-info-box279_3e9a83-bb h2.kt-blocks-info-box-title{padding-top:10px;padding-right:10px;padding-bottom:10px;padding-left:10px;margin-top:5px;margin-right:0px;margin-bottom:10px;margin-left:0px;}.kt-info-box279_3e9a83-bb .kt-blocks-info-box-text{text-transform:none;padding-top:10px;padding-right:10px;padding-bottom:10px;padding-left:10px;}.kt-info-box279_3e9a83-bb .kt-blocks-info-box-learnmore{color:var(--global-palette9, #ffffff);background:#f054b0;border-color:var(--global-palette3, #1A202C);border-radius:5px;font-size:20px;border-width:1px 1px 1px 1px;padding-top:4px;padding-right:8px;padding-bottom:4px;padding-left:8px;margin:10px 0px 10px 10px;}.kt-info-box279_3e9a83-bb .kt-blocks-info-box-link-wrap{box-shadow:3px 3px 12px 12px rgba(0, 0, 0, 0.11);}.kt-info-box279_3e9a83-bb .kt-blocks-info-box-link-wrap:hover{box-shadow:3px 3px 3px 12px rgba(17, 29, 19, 0.01);}@media all and (max-width: 1024px){.kt-info-box279_3e9a83-bb .kt-blocks-info-box-link-wrap{border-top:1px solid var(--global-palette7, #eeeeee);border-right:1px solid var(--global-palette7, #eeeeee);border-bottom:1px solid var(--global-palette7, #eeeeee);border-left:1px solid var(--global-palette7, #eeeeee);}}@media all and (max-width: 767px){.kt-info-box279_3e9a83-bb .kt-blocks-info-box-link-wrap{border-top:1px solid var(--global-palette7, #eeeeee);border-right:1px solid var(--global-palette7, #eeeeee);border-bottom:1px solid var(--global-palette7, #eeeeee);border-left:1px solid var(--global-palette7, #eeeeee);padding-right:0px;padding-left:0px;}}<\/style>\n<div class=\"wp-block-kadence-infobox kt-info-box279_3e9a83-bb\"><a class=\"kt-blocks-info-box-link-wrap info-box-link kt-blocks-info-box-media-align-top kt-info-halign-left\" href=\"https:\/\/ensuenos.org\/es\/selknams\/\"><div class=\"kt-blocks-info-box-media-container\"><div class=\"kt-blocks-info-box-media kt-info-media-animate-none\"><div class=\"kadence-info-box-image-inner-intrisic-container\"><div class=\"kadence-info-box-image-intrisic kt-info-animate-none kb-info-box-image-ratio kb-info-box-image-ratio-land43\"><div class=\"kadence-info-box-image-inner-intrisic\"><img decoding=\"async\" src=\"https:\/\/ensuenos.org\/wp-content\/uploads\/2023\/08\/Lola-Kiepja.jpg\" alt=\"\" width=\"1920\" height=\"1920\" class=\"kt-info-box-image wp-image-288\"\/><\/div><\/div><\/div><\/div><\/div><div class=\"kt-infobox-textcontent\"><h2 class=\"kt-blocks-info-box-title\">Selknams<\/h2><p class=\"kt-blocks-info-box-text\">Los selknam, tambi\u00e9n conocidos como onas, viven principalmente en la isla de Tierra del Fuego y abarcan zonas de Argentina y Chile. Su historia se remonta a miles de a\u00f1os. Su cosmovisi\u00f3n se centra en una estrecha relaci\u00f3n con la naturaleza y los elementos.<\/p><div class=\"kt-blocks-info-box-learnmore-wrap\"><span class=\"kt-blocks-info-box-learnmore\">Descubra<\/span><\/div><\/div><\/a><\/div>\n<\/div><\/div>\n\n\n<style>.kadence-column279_9b069c-6a > .kt-inside-inner-col,.kadence-column279_9b069c-6a > .kt-inside-inner-col:before{border-top-left-radius:0px;border-top-right-radius:0px;border-bottom-right-radius:0px;border-bottom-left-radius:0px;}.kadence-column279_9b069c-6a > .kt-inside-inner-col:before{opacity:0.3;}.kadence-column279_9b069c-6a{position:relative;}<\/style>\n<div class=\"wp-block-kadence-column kadence-column279_9b069c-6a\"><div class=\"kt-inside-inner-col\"><style>.kt-info-box279_93b93f-8b .kt-blocks-info-box-link-wrap{border-top:1px solid var(--global-palette7, #eeeeee);border-right:1px solid var(--global-palette7, #eeeeee);border-bottom:1px solid var(--global-palette7, #eeeeee);border-left:1px solid var(--global-palette7, #eeeeee);border-top-left-radius:10px;border-top-right-radius:10px;border-bottom-right-radius:10px;border-bottom-left-radius:10px;background:#ffffff;padding-top:var(--global-kb-spacing-xs, 1rem);padding-right:var(--global-kb-spacing-xs, 1rem);padding-bottom:var(--global-kb-spacing-xs, 1rem);padding-left:var(--global-kb-spacing-xs, 1rem);}.kt-info-box279_93b93f-8b .kadence-info-box-image-inner-intrisic-container{max-width:600px;}.kt-info-box279_93b93f-8b .kadence-info-box-image-inner-intrisic-container .kadence-info-box-image-intrisic{padding-bottom:75%;width:1920px;height:0px;max-width:100%;}.kt-info-box279_93b93f-8b .kt-info-svg-icon, .kt-info-box279_93b93f-8b .kt-info-svg-icon-flip, .kt-info-box279_93b93f-8b .kt-blocks-info-box-number{font-size:50px;}.kt-info-box279_93b93f-8b .kt-blocks-info-box-media{background:transparent;border-radius:10px;border-top-width:0px;border-right-width:0px;border-bottom-width:0px;border-left-width:0px;}.kt-info-box279_93b93f-8b .kt-blocks-info-box-media-container{margin-top:0px;margin-right:15px;margin-bottom:10px;margin-left:15px;}.kt-info-box279_93b93f-8b .kt-blocks-info-box-media .kadence-info-box-image-intrisic img{border-radius:10px;}.kt-info-box279_93b93f-8b h2.kt-blocks-info-box-title{padding-top:10px;padding-right:10px;padding-bottom:10px;padding-left:10px;margin-top:5px;margin-right:0px;margin-bottom:10px;margin-left:0px;}.kt-info-box279_93b93f-8b .kt-blocks-info-box-text{text-transform:none;padding-top:10px;padding-right:10px;padding-bottom:10px;padding-left:10px;}.kt-info-box279_93b93f-8b .kt-blocks-info-box-learnmore{color:var(--global-palette9, #ffffff);background:#f054b0;border-color:var(--global-palette3, #1A202C);border-radius:5px;font-size:20px;border-width:1px 1px 1px 1px;padding-top:4px;padding-right:8px;padding-bottom:4px;padding-left:8px;margin:10px 0px 10px 10px;}.kt-info-box279_93b93f-8b .kt-blocks-info-box-link-wrap{box-shadow:3px 3px 12px 12px rgba(0, 0, 0, 0.11);}.kt-info-box279_93b93f-8b .kt-blocks-info-box-link-wrap:hover{box-shadow:3px 3px 3px 12px rgba(17, 29, 19, 0.01);}@media all and (max-width: 1024px){.kt-info-box279_93b93f-8b .kt-blocks-info-box-link-wrap{border-top:1px solid var(--global-palette7, #eeeeee);border-right:1px solid var(--global-palette7, #eeeeee);border-bottom:1px solid var(--global-palette7, #eeeeee);border-left:1px solid var(--global-palette7, #eeeeee);}}@media all and (max-width: 767px){.kt-info-box279_93b93f-8b .kt-blocks-info-box-link-wrap{border-top:1px solid var(--global-palette7, #eeeeee);border-right:1px solid var(--global-palette7, #eeeeee);border-bottom:1px solid var(--global-palette7, #eeeeee);border-left:1px solid var(--global-palette7, #eeeeee);padding-right:0px;padding-left:0px;}}<\/style>\n<div class=\"wp-block-kadence-infobox kt-info-box279_93b93f-8b\"><a class=\"kt-blocks-info-box-link-wrap info-box-link kt-blocks-info-box-media-align-top kt-info-halign-left\" href=\"https:\/\/ensuenos.org\/es\/mapuches\/\"><div class=\"kt-blocks-info-box-media-container\"><div class=\"kt-blocks-info-box-media kt-info-media-animate-none\"><div class=\"kadence-info-box-image-inner-intrisic-container\"><div class=\"kadence-info-box-image-intrisic kt-info-animate-none kb-info-box-image-ratio kb-info-box-image-ratio-land43\"><div class=\"kadence-info-box-image-inner-intrisic\"><img decoding=\"async\" src=\"https:\/\/ensuenos.org\/wp-content\/uploads\/2023\/08\/Mapuches-Huilliches.png\" alt=\"\" width=\"1920\" height=\"1920\" class=\"kt-info-box-image wp-image-292\"\/><\/div><\/div><\/div><\/div><\/div><div class=\"kt-infobox-textcontent\"><h2 class=\"kt-blocks-info-box-title\">Mapuches<\/h2><p class=\"kt-blocks-info-box-text\">Los mapuches (\"gente de la tierra\" en mapuzungun) son comunidades ind\u00edgenas que viven principalmente en la Patagonia. La cultura mapuche se basa en el equilibrio, la complementariedad y la dualidad, y sus creencias espirituales giran en torno a un universo animista.\u00a0<\/p><div class=\"kt-blocks-info-box-learnmore-wrap\"><span class=\"kt-blocks-info-box-learnmore\">Descubra<\/span><\/div><\/div><\/a><\/div>\n<\/div><\/div>\n\n<\/div><\/div>\n\n<style>.kb-row-layout-id279_679192-01 > .kt-row-column-wrap{align-content:start;}:where(.kb-row-layout-id279_679192-01 > .kt-row-column-wrap) > .wp-block-kadence-column{justify-content:start;}.kb-row-layout-id279_679192-01 > .kt-row-column-wrap{column-gap:var(--global-kb-gap-md, 2rem);row-gap:var(--global-kb-gap-md, 2rem);max-width:var( --global-content-width, 900px );padding-left:var(--global-content-edge-padding);padding-right:var(--global-content-edge-padding);padding-top:var(--global-kb-spacing-sm, 1.5rem);padding-bottom:var(--global-kb-spacing-sm, 1.5rem);grid-template-columns:repeat(2, minmax(0, 1fr));}.kb-row-layout-id279_679192-01 > .kt-row-layout-overlay{opacity:0.30;}@media all and (max-width: 1024px){.kb-row-layout-id279_679192-01 > .kt-row-column-wrap{grid-template-columns:repeat(2, minmax(0, 1fr));}}@media all and (max-width: 767px){.kb-row-layout-id279_679192-01 > .kt-row-column-wrap{grid-template-columns:minmax(0, 1fr);}}<\/style><div class=\"kb-row-layout-wrap kb-row-layout-id279_679192-01 alignnone wp-block-kadence-rowlayout\"><div class=\"kt-row-column-wrap kt-has-2-columns kt-row-layout-equal kt-tab-layout-inherit kt-mobile-layout-row kt-row-valign-top kb-theme-content-width\">\n<style>.kadence-column279_b55c35-87 > .kt-inside-inner-col,.kadence-column279_b55c35-87 > .kt-inside-inner-col:before{border-top-left-radius:0px;border-top-right-radius:0px;border-bottom-right-radius:0px;border-bottom-left-radius:0px;}.kadence-column279_b55c35-87 > .kt-inside-inner-col:before{opacity:0.3;}.kadence-column279_b55c35-87{position:relative;}<\/style>\n<div class=\"wp-block-kadence-column kadence-column279_b55c35-87\"><div class=\"kt-inside-inner-col\"><style>.kt-info-box279_4e923c-fb .kt-blocks-info-box-link-wrap{border-top:1px solid var(--global-palette7, #eeeeee);border-right:1px solid var(--global-palette7, #eeeeee);border-bottom:1px solid var(--global-palette7, #eeeeee);border-left:1px solid var(--global-palette7, #eeeeee);border-top-left-radius:10px;border-top-right-radius:10px;border-bottom-right-radius:10px;border-bottom-left-radius:10px;background:#ffffff;padding-top:var(--global-kb-spacing-xs, 1rem);padding-right:var(--global-kb-spacing-xs, 1rem);padding-bottom:var(--global-kb-spacing-xs, 1rem);padding-left:var(--global-kb-spacing-xs, 1rem);}.kt-info-box279_4e923c-fb .kadence-info-box-image-inner-intrisic-container{max-width:600px;}.kt-info-box279_4e923c-fb .kadence-info-box-image-inner-intrisic-container .kadence-info-box-image-intrisic{padding-bottom:75%;width:1920px;height:0px;max-width:100%;}.kt-info-box279_4e923c-fb .kt-info-svg-icon, .kt-info-box279_4e923c-fb .kt-info-svg-icon-flip, .kt-info-box279_4e923c-fb .kt-blocks-info-box-number{font-size:50px;}.kt-info-box279_4e923c-fb .kt-blocks-info-box-media{background:transparent;border-radius:10px;border-top-width:0px;border-right-width:0px;border-bottom-width:0px;border-left-width:0px;}.kt-info-box279_4e923c-fb .kt-blocks-info-box-media-container{margin-top:0px;margin-right:15px;margin-bottom:10px;margin-left:15px;}.kt-info-box279_4e923c-fb .kt-blocks-info-box-media .kadence-info-box-image-intrisic img{border-radius:10px;}.kt-info-box279_4e923c-fb h2.kt-blocks-info-box-title{padding-top:10px;padding-right:10px;padding-bottom:10px;padding-left:10px;margin-top:5px;margin-right:0px;margin-bottom:10px;margin-left:0px;}.kt-info-box279_4e923c-fb .kt-blocks-info-box-text{text-transform:none;padding-top:10px;padding-right:10px;padding-bottom:10px;padding-left:10px;}.kt-info-box279_4e923c-fb .kt-blocks-info-box-learnmore{color:var(--global-palette9, #ffffff);background:#f054b0;border-color:var(--global-palette3, #1A202C);border-radius:5px;font-size:20px;border-width:1px 1px 1px 1px;padding-top:4px;padding-right:8px;padding-bottom:4px;padding-left:8px;margin:10px 0px 10px 10px;}.kt-info-box279_4e923c-fb .kt-blocks-info-box-link-wrap{box-shadow:3px 3px 12px 12px rgba(0, 0, 0, 0.11);}.kt-info-box279_4e923c-fb .kt-blocks-info-box-link-wrap:hover{box-shadow:3px 3px 3px 12px rgba(17, 29, 19, 0.01);}@media all and (max-width: 1024px){.kt-info-box279_4e923c-fb .kt-blocks-info-box-link-wrap{border-top:1px solid var(--global-palette7, #eeeeee);border-right:1px solid var(--global-palette7, #eeeeee);border-bottom:1px solid var(--global-palette7, #eeeeee);border-left:1px solid var(--global-palette7, #eeeeee);}}@media all and (max-width: 767px){.kt-info-box279_4e923c-fb .kt-blocks-info-box-link-wrap{border-top:1px solid var(--global-palette7, #eeeeee);border-right:1px solid var(--global-palette7, #eeeeee);border-bottom:1px solid var(--global-palette7, #eeeeee);border-left:1px solid var(--global-palette7, #eeeeee);padding-right:0px;padding-left:0px;}}<\/style>\n<div class=\"wp-block-kadence-infobox kt-info-box279_4e923c-fb\"><a class=\"kt-blocks-info-box-link-wrap info-box-link kt-blocks-info-box-media-align-top kt-info-halign-left\" href=\"https:\/\/ensuenos.org\/es\/diaguitas\/\"><div class=\"kt-blocks-info-box-media-container\"><div class=\"kt-blocks-info-box-media kt-info-media-animate-none\"><div class=\"kadence-info-box-image-inner-intrisic-container\"><div class=\"kadence-info-box-image-intrisic kt-info-animate-none kb-info-box-image-ratio kb-info-box-image-ratio-land43\"><div class=\"kadence-info-box-image-inner-intrisic\"><img decoding=\"async\" src=\"https:\/\/ensuenos.org\/wp-content\/uploads\/2023\/08\/wipala-flag.jpeg\" alt=\"\" width=\"1920\" height=\"1920\" class=\"kt-info-box-image wp-image-295\"\/><\/div><\/div><\/div><\/div><\/div><div class=\"kt-infobox-textcontent\"><h2 class=\"kt-blocks-info-box-title\">Diaguitas<\/h2><p class=\"kt-blocks-info-box-text\">Las comunidades diaguitas se asientan en las regiones del noroeste de Argentina, especialmente en los valles de los Andes. La cosmogon\u00eda diaguita incorpora conceptos de dualidad y equilibrio, comunes a muchas culturas andinas.<\/p><div class=\"kt-blocks-info-box-learnmore-wrap\"><span class=\"kt-blocks-info-box-learnmore\">Descubra<\/span><\/div><\/div><\/a><\/div>\n<\/div><\/div>\n\n\n<style>.kadence-column279_713581-01 > .kt-inside-inner-col,.kadence-column279_713581-01 > .kt-inside-inner-col:before{border-top-left-radius:0px;border-top-right-radius:0px;border-bottom-right-radius:0px;border-bottom-left-radius:0px;}.kadence-column279_713581-01 > .kt-inside-inner-col:before{opacity:0.3;}.kadence-column279_713581-01{position:relative;}<\/style>\n<div class=\"wp-block-kadence-column kadence-column279_713581-01\"><div class=\"kt-inside-inner-col\"><style>.kt-info-box279_b7b57a-93 .kt-blocks-info-box-link-wrap{border-top:1px solid var(--global-palette7, #eeeeee);border-right:1px solid var(--global-palette7, #eeeeee);border-bottom:1px solid var(--global-palette7, #eeeeee);border-left:1px solid var(--global-palette7, #eeeeee);border-top-left-radius:10px;border-top-right-radius:10px;border-bottom-right-radius:10px;border-bottom-left-radius:10px;background:#ffffff;padding-top:var(--global-kb-spacing-xs, 1rem);padding-right:var(--global-kb-spacing-xs, 1rem);padding-bottom:var(--global-kb-spacing-xs, 1rem);padding-left:var(--global-kb-spacing-xs, 1rem);}.kt-info-box279_b7b57a-93 .kadence-info-box-image-inner-intrisic-container{max-width:600px;}.kt-info-box279_b7b57a-93 .kadence-info-box-image-inner-intrisic-container .kadence-info-box-image-intrisic{padding-bottom:75%;width:1920px;height:0px;max-width:100%;}.kt-info-box279_b7b57a-93 .kt-info-svg-icon, .kt-info-box279_b7b57a-93 .kt-info-svg-icon-flip, .kt-info-box279_b7b57a-93 .kt-blocks-info-box-number{font-size:50px;}.kt-info-box279_b7b57a-93 .kt-blocks-info-box-media{background:transparent;border-radius:10px;border-top-width:0px;border-right-width:0px;border-bottom-width:0px;border-left-width:0px;}.kt-info-box279_b7b57a-93 .kt-blocks-info-box-media-container{margin-top:0px;margin-right:15px;margin-bottom:10px;margin-left:15px;}.kt-info-box279_b7b57a-93 .kt-blocks-info-box-media .kadence-info-box-image-intrisic img{border-radius:10px;}.kt-info-box279_b7b57a-93 h2.kt-blocks-info-box-title{padding-top:10px;padding-right:10px;padding-bottom:10px;padding-left:10px;margin-top:5px;margin-right:0px;margin-bottom:10px;margin-left:0px;}.kt-info-box279_b7b57a-93 .kt-blocks-info-box-text{text-transform:none;padding-top:10px;padding-right:10px;padding-bottom:10px;padding-left:10px;}.kt-info-box279_b7b57a-93 .kt-blocks-info-box-learnmore{color:var(--global-palette9, #ffffff);background:#f054b0;border-color:var(--global-palette3, #1A202C);border-radius:5px;font-size:20px;border-width:1px 1px 1px 1px;padding-top:4px;padding-right:8px;padding-bottom:4px;padding-left:8px;margin:10px 0px 10px 10px;}.kt-info-box279_b7b57a-93 .kt-blocks-info-box-link-wrap{box-shadow:3px 3px 12px 12px rgba(0, 0, 0, 0.11);}.kt-info-box279_b7b57a-93 .kt-blocks-info-box-link-wrap:hover{box-shadow:3px 3px 3px 12px rgba(17, 29, 19, 0.01);}@media all and (max-width: 1024px){.kt-info-box279_b7b57a-93 .kt-blocks-info-box-link-wrap{border-top:1px solid var(--global-palette7, #eeeeee);border-right:1px solid var(--global-palette7, #eeeeee);border-bottom:1px solid var(--global-palette7, #eeeeee);border-left:1px solid var(--global-palette7, #eeeeee);}}@media all and (max-width: 767px){.kt-info-box279_b7b57a-93 .kt-blocks-info-box-link-wrap{border-top:1px solid var(--global-palette7, #eeeeee);border-right:1px solid var(--global-palette7, #eeeeee);border-bottom:1px solid var(--global-palette7, #eeeeee);border-left:1px solid var(--global-palette7, #eeeeee);padding-right:0px;padding-left:0px;}}<\/style>\n<div class=\"wp-block-kadence-infobox kt-info-box279_b7b57a-93\"><a class=\"kt-blocks-info-box-link-wrap info-box-link kt-blocks-info-box-media-align-top kt-info-halign-left\" href=\"https:\/\/ensuenos.org\/es\/kollas\/\"><div class=\"kt-blocks-info-box-media-container\"><div class=\"kt-blocks-info-box-media kt-info-media-animate-none\"><div class=\"kadence-info-box-image-inner-intrisic-container\"><div class=\"kadence-info-box-image-intrisic kt-info-animate-none kb-info-box-image-ratio kb-info-box-image-ratio-land43\"><div class=\"kadence-info-box-image-inner-intrisic\"><img decoding=\"async\" src=\"https:\/\/ensuenos.org\/wp-content\/uploads\/2023\/08\/1.Josefina-Aragon-Kolla-Maimara.jpg\" alt=\"\" width=\"1920\" height=\"1920\" class=\"kt-info-box-image wp-image-296\"\/><\/div><\/div><\/div><\/div><\/div><div class=\"kt-infobox-textcontent\"><h2 class=\"kt-blocks-info-box-title\">Kollas<\/h2><p class=\"kt-blocks-info-box-text\">El noroeste de Argentina, especialmente las provincias de Salta y Jujuy, alberga diversas comunidades. Los kollas son un pueblo que vive principalmente en las tierras altas andinas. Entre ellos se encuentran los Fiscaras, los Homahuacas y los Maimaras.<br\/><\/p><div class=\"kt-blocks-info-box-learnmore-wrap\"><span class=\"kt-blocks-info-box-learnmore\">Descubra<\/span><\/div><\/div><\/a><\/div>\n<\/div><\/div>\n\n<\/div><\/div>","protected":false},"excerpt":{"rendered":"<p>L&rsquo; Argentine est un pays avec une grande diversit\u00e9 ethnique et culturelle. De nombreuses communaut\u00e9s ancestrales y vivent encore aujourd&rsquo;hui. Parmi elles, Ensue\u00f1os r\u00e9unit des Selknams, Mapuches, Diaguitas, Kollas. Leurs communaut\u00e9s, du Sud au Nord de la Cordill\u00e8re des Andes, ont des traditions culturelles ancestrales. Les femmes associ\u00e9es au projet pratiquent depuis leur enfance le&#8230;<\/p>","protected":false},"author":1,"featured_media":0,"parent":0,"menu_order":0,"comment_status":"closed","ping_status":"closed","template":"","meta":{"_seopress_robots_primary_cat":"","_kad_blocks_custom_css":"","_kad_blocks_head_custom_js":"","_kad_blocks_body_custom_js":"","_kad_blocks_footer_custom_js":"","_kad_post_transparent":"","_kad_post_title":"","_kad_post_layout":"","_kad_post_sidebar_id":"","_kad_post_content_style":"","_kad_post_vertical_padding":"","_kad_post_feature":"","_kad_post_feature_position":"","_kad_post_header":false,"_kad_post_footer":false,"footnotes":""},"class_list":["post-279","page","type-page","status-publish","hentry"],"taxonomy_info":[],"featured_image_src_large":false,"author_info":{"display_name":"Severine","author_link":"https:\/\/ensuenos.org\/es\/author\/severine\/"},"comment_info":0,"_links":{"self":[{"href":"https:\/\/ensuenos.org\/es\/wp-json\/wp\/v2\/pages\/279","targetHints":{"allow":["GET"]}}],"collection":[{"href":"https:\/\/ensuenos.org\/es\/wp-json\/wp\/v2\/pages"}],"about":[{"href":"https:\/\/ensuenos.org\/es\/wp-json\/wp\/v2\/types\/page"}],"author":[{"embeddable":true,"href":"https:\/\/ensuenos.org\/es\/wp-json\/wp\/v2\/users\/1"}],"replies":[{"embeddable":true,"href":"https:\/\/ensuenos.org\/es\/wp-json\/wp\/v2\/comments?post=279"}],"version-history":[{"count":50,"href":"https:\/\/ensuenos.org\/es\/wp-json\/wp\/v2\/pages\/279\/revisions"}],"predecessor-version":[{"id":1510,"href":"https:\/\/ensuenos.org\/es\/wp-json\/wp\/v2\/pages\/279\/revisions\/1510"}],"wp:attachment":[{"href":"https:\/\/ensuenos.org\/es\/wp-json\/wp\/v2\/media?parent=279"}],"curies":[{"name":"wp","href":"https:\/\/api.w.org\/{rel}","templated":true}]}}